{"id":483,"date":"2015-11-28T23:58:42","date_gmt":"2015-11-28T23:58:42","guid":{"rendered":"http:\/\/www.locksrike.se\/?page_id=483"},"modified":"2020-11-22T21:18:34","modified_gmt":"2020-11-22T21:18:34","slug":"video","status":"publish","type":"page","link":"https:\/\/www.locksrike.se\/?page_id=483","title":{"rendered":"Video"},"content":{"rendered":"<p>Trailer inf\u00f6r stora slaget:<\/p>\n<p><iframe loading=\"lazy\" title=\"Invigning av Locks rike - Trailer\" width=\"1300\" height=\"731\" src=\"https:\/\/www.youtube.com\/embed\/byy5mkBYJb4?feature=oembed\" frameborder=\"0\" allow=\"accelerometer; autoplay; clipboard-write; encrypted-media; gyroscope; picture-in-picture; web-share\" referrerpolicy=\"strict-origin-when-cross-origin\" allowfullscreen><\/iframe><\/p>\n<p>Sammandrag av invigningen:<\/p>\n<p><iframe loading=\"lazy\" title=\"Invigning av Locks Rike\" width=\"1300\" height=\"731\" src=\"https:\/\/www.youtube.com\/embed\/EC7VZ_7REps?feature=oembed\" frameborder=\"0\" allow=\"accelerometer; autoplay; clipboard-write; encrypted-media; gyroscope; picture-in-picture; web-share\" referrerpolicy=\"strict-origin-when-cross-origin\" allowfullscreen><\/iframe><\/p>\n<p>Andra bes\u00f6kares filmer fr\u00e5n invigningen:<\/p>\n<p><iframe loading=\"lazy\" title=\"Locks Rike\" width=\"1300\" height=\"731\" src=\"https:\/\/www.youtube.com\/embed\/eK9WzpOtp2k?feature=oembed\" frameborder=\"0\" allow=\"accelerometer; autoplay; clipboard-write; encrypted-media; gyroscope; picture-in-picture; web-share\" referrerpolicy=\"strict-origin-when-cross-origin\" allowfullscreen><\/iframe><\/p>\n<p>Locks rikes nationals\u00e5ng (sjungen av Locks barnbarns barnbarns barn Selma n\u00e4r hon var fem \u00e5r):<\/p>\n<p><iframe loading=\"lazy\" title=\"Locks Rikes Nationals\u00e5ng\" width=\"1300\" height=\"731\" src=\"https:\/\/www.youtube.com\/embed\/2c10I_-5Qj8?feature=oembed\" frameborder=\"0\" allow=\"accelerometer; autoplay; clipboard-write; encrypted-media; gyroscope; picture-in-picture; web-share\" referrerpolicy=\"strict-origin-when-cross-origin\" allowfullscreen><\/iframe><\/p>\n<p>Orgelversion:<br \/>\n<a href=\"https:\/\/www.locksrike.se\/wp-content\/uploads\/2017\/03\/Locks1.m4a\">Locks rikes nationals\u00e5ng (orgel)<\/a><\/p>\n<p>Orkesterversion:<br \/>\n<a href=\"https:\/\/www.locksrike.se\/wp-content\/uploads\/2017\/07\/Locks-Rikes-Nationalsa\u030ang-orkester.m4a\">Locks rikes nationals\u00e5ng (orkester)<\/a><\/p>\n","protected":false},"excerpt":{"rendered":"<p>Trailer inf\u00f6r stora slaget: Sammandrag av invigningen: Andra bes\u00f6kares filmer fr\u00e5n invigningen: Locks rikes nationals\u00e5ng (sjungen av Locks barnbarns barnbarns barn Selma n\u00e4r hon var fem \u00e5r): Orgelversion: Locks rikes [&hellip;]<\/p>\n","protected":false},"author":1,"featured_media":0,"parent":0,"menu_order":0,"comment_status":"closed","ping_status":"closed","template":"template-full.php","meta":{"jetpack_post_was_ever_published":false,"footnotes":""},"class_list":["post-483","page","type-page","status-publish","hentry"],"jetpack_sharing_enabled":true,"jetpack_shortlink":"https:\/\/wp.me\/P6k29i-7N","jetpack-related-posts":[],"_links":{"self":[{"href":"https:\/\/www.locksrike.se\/index.php?rest_route=\/wp\/v2\/pages\/483","targetHints":{"allow":["GET"]}}],"collection":[{"href":"https:\/\/www.locksrike.se\/index.php?rest_route=\/wp\/v2\/pages"}],"about":[{"href":"https:\/\/www.locksrike.se\/index.php?rest_route=\/wp\/v2\/types\/page"}],"author":[{"embeddable":true,"href":"https:\/\/www.locksrike.se\/index.php?rest_route=\/wp\/v2\/users\/1"}],"replies":[{"embeddable":true,"href":"https:\/\/www.locksrike.se\/index.php?rest_route=%2Fwp%2Fv2%2Fcomments&post=483"}],"version-history":[{"count":10,"href":"https:\/\/www.locksrike.se\/index.php?rest_route=\/wp\/v2\/pages\/483\/revisions"}],"predecessor-version":[{"id":3464,"href":"https:\/\/www.locksrike.se\/index.php?rest_route=\/wp\/v2\/pages\/483\/revisions\/3464"}],"wp:attachment":[{"href":"https:\/\/www.locksrike.se\/index.php?rest_route=%2Fwp%2Fv2%2Fmedia&parent=483"}],"curies":[{"name":"wp","href":"https:\/\/api.w.org\/{rel}","templated":true}]}}