{"id":38,"date":"2015-02-21T18:05:37","date_gmt":"2015-02-21T18:05:37","guid":{"rendered":"http:\/\/www.locksrike.se\/?page_id=38"},"modified":"2017-01-31T14:37:19","modified_gmt":"2017-01-31T14:37:19","slug":"om","status":"publish","type":"page","link":"https:\/\/www.locksrike.se\/?page_id=38","title":{"rendered":"Om"},"content":{"rendered":"<p><a href=\"https:\/\/i0.wp.com\/www.locksrike.se\/wp-content\/uploads\/2015\/06\/20150517_05_c1.jpg?ssl=1\"><img data-recalc-dims=\"1\" loading=\"lazy\" decoding=\"async\" data-attachment-id=\"172\" data-permalink=\"https:\/\/www.locksrike.se\/?attachment_id=172#main\" data-orig-file=\"https:\/\/i0.wp.com\/www.locksrike.se\/wp-content\/uploads\/2015\/06\/20150517_05_c1.jpg?fit=2590%2C981&amp;ssl=1\" data-orig-size=\"2590,981\" data-comments-opened=\"0\" data-image-meta=\"{&quot;aperture&quot;:&quot;2.8&quot;,&quot;credit&quot;:&quot;&quot;,&quot;camera&quot;:&quot;iPhone 4&quot;,&quot;caption&quot;:&quot;&quot;,&quot;created_timestamp&quot;:&quot;1431882047&quot;,&quot;copyright&quot;:&quot;&quot;,&quot;focal_length&quot;:&quot;3.85&quot;,&quot;iso&quot;:&quot;80&quot;,&quot;shutter_speed&quot;:&quot;0.000961538461538&quot;,&quot;title&quot;:&quot;&quot;,&quot;orientation&quot;:&quot;0&quot;}\" data-image-title=\"20150517_05_c\" data-image-description=\"\" data-image-caption=\"\" data-medium-file=\"https:\/\/i0.wp.com\/www.locksrike.se\/wp-content\/uploads\/2015\/06\/20150517_05_c1.jpg?fit=300%2C114&amp;ssl=1\" data-large-file=\"https:\/\/i0.wp.com\/www.locksrike.se\/wp-content\/uploads\/2015\/06\/20150517_05_c1.jpg?fit=1024%2C388&amp;ssl=1\" class=\"groove5 size-large wp-image-172 aligncenter\" src=\"https:\/\/i0.wp.com\/www.locksrike.se\/wp-content\/uploads\/2015\/06\/20150517_05_c1.jpg?resize=1024%2C388&#038;ssl=1\" alt=\"20150517_05_c\" width=\"1024\" height=\"388\" srcset=\"https:\/\/i0.wp.com\/www.locksrike.se\/wp-content\/uploads\/2015\/06\/20150517_05_c1.jpg?resize=1024%2C388&amp;ssl=1 1024w, https:\/\/i0.wp.com\/www.locksrike.se\/wp-content\/uploads\/2015\/06\/20150517_05_c1.jpg?resize=300%2C114&amp;ssl=1 300w\" sizes=\"auto, (max-width: 1024px) 100vw, 1024px\" \/><\/a><\/p>\n<div id=\"textpadding\">Locks Rike \u00e4r ett nyskapat riddarrike i Ytterby, mellan Kung\u00e4lv och Marstrand. Riket utropades den 18 juli 2015 genom en stor invigning, men \u00e4r \u00e4nnu under uppbyggnad. Huvudbyggnaden \u00e4r sedan invigningen bostad f\u00f6r Ann-Marie och Jan Erik Axelsson. Det hela \u00e4r f\u00f6rverkligandet av en dr\u00f6m sedan l\u00e5ngt tillbaka.<\/div>\n<p><span style=\"text-decoration: underline;\">Reportage:<\/span><\/p>\n<ul>\n<li>F\u00f6rst ut var ett reportage i tidningen Sten, juni 2015. L\u00e4nk <a href=\"http:\/\/media.sten.se\/2015\/06\/Sten-1502-Locks-rike.pdf\">h\u00e4r<\/a>.<\/li>\n<li>Kung\u00e4lvsposten tryckte ett uppslag dagen f\u00f6re invigningen som kan ses <a href=\"http:\/\/kungalvsposten.se\/nyheter\/locks-rike-finns-i-ytterby\/\">h\u00e4r<\/a>.<\/li>\n<li>Expressen likas\u00e5, vilket kan l\u00e4sas <a href=\"http:\/\/www.expressen.se\/gt\/sa-bygger-du-din-alldeles-egna-borg\/\">h\u00e4r.<\/a><\/li>\n<li>Ett n\u00e5got l\u00e4ngre reportage av GP gjordes f\u00f6r bostadsbilagan i oktober 2015 och finns att l\u00e4sa <a href=\"http:\/\/www.gp.se\/bostad\/1.2857915-jan-eriks-och-ann-maries-medeltidshus-har-extra-allt\">h\u00e4r.<\/a><\/li>\n<\/ul>\n","protected":false},"excerpt":{"rendered":"<p>Locks Rike \u00e4r ett nyskapat riddarrike i Ytterby, mellan Kung\u00e4lv och Marstrand. Riket utropades den 18 juli 2015 genom en stor invigning, men \u00e4r \u00e4nnu under uppbyggnad. Huvudbyggnaden \u00e4r sedan [&hellip;]<\/p>\n","protected":false},"author":1,"featured_media":0,"parent":0,"menu_order":0,"comment_status":"closed","ping_status":"closed","template":"template-full.php","meta":{"jetpack_post_was_ever_published":false,"footnotes":""},"class_list":["post-38","page","type-page","status-publish","hentry"],"jetpack_sharing_enabled":true,"jetpack_shortlink":"https:\/\/wp.me\/P6k29i-C","jetpack-related-posts":[],"_links":{"self":[{"href":"https:\/\/www.locksrike.se\/index.php?rest_route=\/wp\/v2\/pages\/38","targetHints":{"allow":["GET"]}}],"collection":[{"href":"https:\/\/www.locksrike.se\/index.php?rest_route=\/wp\/v2\/pages"}],"about":[{"href":"https:\/\/www.locksrike.se\/index.php?rest_route=\/wp\/v2\/types\/page"}],"author":[{"embeddable":true,"href":"https:\/\/www.locksrike.se\/index.php?rest_route=\/wp\/v2\/users\/1"}],"replies":[{"embeddable":true,"href":"https:\/\/www.locksrike.se\/index.php?rest_route=%2Fwp%2Fv2%2Fcomments&post=38"}],"version-history":[{"count":31,"href":"https:\/\/www.locksrike.se\/index.php?rest_route=\/wp\/v2\/pages\/38\/revisions"}],"predecessor-version":[{"id":514,"href":"https:\/\/www.locksrike.se\/index.php?rest_route=\/wp\/v2\/pages\/38\/revisions\/514"}],"wp:attachment":[{"href":"https:\/\/www.locksrike.se\/index.php?rest_route=%2Fwp%2Fv2%2Fmedia&parent=38"}],"curies":[{"name":"wp","href":"https:\/\/api.w.org\/{rel}","templated":true}]}}