{"id":36,"date":"2015-02-21T18:04:46","date_gmt":"2015-02-21T18:04:46","guid":{"rendered":"http:\/\/www.locksrike.se\/?page_id=36"},"modified":"2015-11-28T22:35:09","modified_gmt":"2015-11-28T22:35:09","slug":"historia","status":"publish","type":"page","link":"https:\/\/www.locksrike.se\/?page_id=36","title":{"rendered":"Historia"},"content":{"rendered":"<p><a href=\"https:\/\/www.locksrike.se\/?attachment_id=166#main\" rel=\"attachment wp-att-166\"><img data-recalc-dims=\"1\" loading=\"lazy\" decoding=\"async\" data-attachment-id=\"166\" data-permalink=\"https:\/\/www.locksrike.se\/?attachment_id=166#main\" data-orig-file=\"https:\/\/i0.wp.com\/www.locksrike.se\/wp-content\/uploads\/2015\/06\/regnb%C3%A5ge2.jpg?fit=2592%2C981&amp;ssl=1\" data-orig-size=\"2592,981\" data-comments-opened=\"0\" data-image-meta=\"{&quot;aperture&quot;:&quot;2.8&quot;,&quot;credit&quot;:&quot;&quot;,&quot;camera&quot;:&quot;iPhone 4&quot;,&quot;caption&quot;:&quot;&quot;,&quot;created_timestamp&quot;:&quot;1371410777&quot;,&quot;copyright&quot;:&quot;&quot;,&quot;focal_length&quot;:&quot;3.85&quot;,&quot;iso&quot;:&quot;80&quot;,&quot;shutter_speed&quot;:&quot;0.00169204737733&quot;,&quot;title&quot;:&quot;&quot;,&quot;orientation&quot;:&quot;0&quot;}\" data-image-title=\"regnb\u00e5ge2\" data-image-description=\"\" data-image-caption=\"\" data-medium-file=\"https:\/\/i0.wp.com\/www.locksrike.se\/wp-content\/uploads\/2015\/06\/regnb%C3%A5ge2.jpg?fit=300%2C114&amp;ssl=1\" data-large-file=\"https:\/\/i0.wp.com\/www.locksrike.se\/wp-content\/uploads\/2015\/06\/regnb%C3%A5ge2.jpg?fit=1024%2C388&amp;ssl=1\" class=\" size-large wp-image-166 aligncenter groove5\" src=\"https:\/\/i0.wp.com\/www.locksrike.se\/wp-content\/uploads\/2015\/06\/regnb%C3%A5ge2.jpg?resize=1024%2C388&#038;ssl=1\" alt=\"regnb\u00e5ge2\" width=\"1024\" height=\"388\" srcset=\"https:\/\/i0.wp.com\/www.locksrike.se\/wp-content\/uploads\/2015\/06\/regnb%C3%A5ge2.jpg?resize=1024%2C388&amp;ssl=1 1024w, https:\/\/i0.wp.com\/www.locksrike.se\/wp-content\/uploads\/2015\/06\/regnb%C3%A5ge2.jpg?resize=300%2C114&amp;ssl=1 300w\" sizes=\"auto, (max-width: 1024px) 100vw, 1024px\" \/><\/a><\/p>\n<div id=\"textpadding\">\u00c4gorna kring Rollsbo har tillh\u00f6rt sl\u00e4kten Axelsson i m\u00e5nga generationer. Jan Eriks farfars far Andreas Persson Lock f\u00f6ddes 1833 i Rollsbo och var son till rusth\u00e5llare Per Persson f.1802 och hans hustru Anna Andersdotter f.1799. Andreas Lock var s\u00e5 kallad knekt\/b\u00e5tsman och hade b\u00e5tsmanstorpet vid \u00d6ver\u00e5s mot Guddeby. Runt 1880 k\u00f6pte han g\u00e5rden<a href=\"https:\/\/i0.wp.com\/www.locksrike.se\/wp-content\/uploads\/2015\/06\/Medeltidsdagarna-521.jpg?ssl=1\"><img data-recalc-dims=\"1\" loading=\"lazy\" decoding=\"async\" data-attachment-id=\"164\" data-permalink=\"https:\/\/www.locksrike.se\/?attachment_id=164#main\" data-orig-file=\"https:\/\/i0.wp.com\/www.locksrike.se\/wp-content\/uploads\/2015\/06\/Medeltidsdagarna-521.jpg?fit=3008%2C2000&amp;ssl=1\" data-orig-size=\"3008,2000\" data-comments-opened=\"0\" data-image-meta=\"{&quot;aperture&quot;:&quot;5.6&quot;,&quot;credit&quot;:&quot;&quot;,&quot;camera&quot;:&quot;NIKON D40&quot;,&quot;caption&quot;:&quot;&quot;,&quot;created_timestamp&quot;:&quot;1280001989&quot;,&quot;copyright&quot;:&quot;&quot;,&quot;focal_length&quot;:&quot;31&quot;,&quot;iso&quot;:&quot;220&quot;,&quot;shutter_speed&quot;:&quot;0.002&quot;,&quot;title&quot;:&quot;&quot;,&quot;orientation&quot;:&quot;1&quot;}\" data-image-title=\"Medeltidsdagarna 521\" data-image-description=\"\" data-image-caption=\"\" data-medium-file=\"https:\/\/i0.wp.com\/www.locksrike.se\/wp-content\/uploads\/2015\/06\/Medeltidsdagarna-521.jpg?fit=300%2C199&amp;ssl=1\" data-large-file=\"https:\/\/i0.wp.com\/www.locksrike.se\/wp-content\/uploads\/2015\/06\/Medeltidsdagarna-521.jpg?fit=1024%2C681&amp;ssl=1\" class=\" groove5 size-medium wp-image-164 alignright\" src=\"https:\/\/i0.wp.com\/www.locksrike.se\/wp-content\/uploads\/2015\/06\/Medeltidsdagarna-521.jpg?resize=300%2C199&#038;ssl=1\" alt=\"Medeltidsdagarna 521\" width=\"300\" height=\"199\" srcset=\"https:\/\/i0.wp.com\/www.locksrike.se\/wp-content\/uploads\/2015\/06\/Medeltidsdagarna-521.jpg?resize=300%2C199&amp;ssl=1 300w, https:\/\/i0.wp.com\/www.locksrike.se\/wp-content\/uploads\/2015\/06\/Medeltidsdagarna-521.jpg?resize=1024%2C681&amp;ssl=1 1024w, https:\/\/i0.wp.com\/www.locksrike.se\/wp-content\/uploads\/2015\/06\/Medeltidsdagarna-521.jpg?w=2600&amp;ssl=1 2600w\" sizes=\"auto, (max-width: 300px) 100vw, 300px\" \/><\/a> i Rollsbo. Denna g\u00e5rd skiftades sedan till s\u00f6nerna Anders och August Andreasson, varav en del var ben\u00e4mnd Fiskedammen och den andra (platsen d\u00e4r Axelssons numera har sina auktioner) kallades Lockens. Jan Eriks farfar Axel f. 1870 med fru Albertina f.1869 k\u00f6pte granng\u00e5rden Rollsbo 3:26 \u00e5r 1908, sedermera Jan Eriks barndomshem, fortfarande bel\u00e4get l\u00e4ngst in p\u00e5 byv\u00e4gen. 1916 avled Axel varp\u00e5 Jan Eriks far Erik, d\u00e5 endast 7 \u00e5r, \u00e4rvde halva g\u00e5rden. Albertina drev den vidare tillsammans med sonen Erik. 1935 gifte sig Erik med Augusta fr\u00e5n Lilla Risby i H\u00e5lta och tillsammans fick de tre barn: Gun, Mats och Jan Erik. 40 \u00e5r senare, allts\u00e5 1975, avstyckades en tomt fr\u00e5n barndomshemmet s\u00e5 att Jan Erik med fru Ann-Marie fr\u00e5n g\u00e5rden Lybeck i Romelanda kunde bygga sitt hus d\u00e4r de fick barnen Daniel, Marcus, Amelie och Marlene. 1993 f\u00f6rv\u00e4rvade Jan Erik och Ann-Marie Lockens g\u00e5rd av Anders son Ernst Andersson och 1998 \u00f6vertog de Rollsbo 3:26 av Jan Eriks mor Augusta Axelsson. 2008 k\u00f6ptes marken Fiskedammen av Olle och Gerd Dahlgren. Locks Rike blev d\u00e4rmed \u00e5terskapat.<\/div>\n","protected":false},"excerpt":{"rendered":"<p>\u00c4gorna kring Rollsbo har tillh\u00f6rt sl\u00e4kten Axelsson i m\u00e5nga generationer. Jan Eriks farfars far Andreas Persson Lock f\u00f6ddes 1833 i Rollsbo och var son till rusth\u00e5llare Per Persson f.1802 och [&hellip;]<\/p>\n","protected":false},"author":1,"featured_media":0,"parent":0,"menu_order":0,"comment_status":"closed","ping_status":"closed","template":"template-full.php","meta":{"jetpack_post_was_ever_published":false,"footnotes":""},"class_list":["post-36","page","type-page","status-publish","hentry"],"jetpack_sharing_enabled":true,"jetpack_shortlink":"https:\/\/wp.me\/P6k29i-A","jetpack-related-posts":[],"_links":{"self":[{"href":"https:\/\/www.locksrike.se\/index.php?rest_route=\/wp\/v2\/pages\/36","targetHints":{"allow":["GET"]}}],"collection":[{"href":"https:\/\/www.locksrike.se\/index.php?rest_route=\/wp\/v2\/pages"}],"about":[{"href":"https:\/\/www.locksrike.se\/index.php?rest_route=\/wp\/v2\/types\/page"}],"author":[{"embeddable":true,"href":"https:\/\/www.locksrike.se\/index.php?rest_route=\/wp\/v2\/users\/1"}],"replies":[{"embeddable":true,"href":"https:\/\/www.locksrike.se\/index.php?rest_route=%2Fwp%2Fv2%2Fcomments&post=36"}],"version-history":[{"count":14,"href":"https:\/\/www.locksrike.se\/index.php?rest_route=\/wp\/v2\/pages\/36\/revisions"}],"predecessor-version":[{"id":471,"href":"https:\/\/www.locksrike.se\/index.php?rest_route=\/wp\/v2\/pages\/36\/revisions\/471"}],"wp:attachment":[{"href":"https:\/\/www.locksrike.se\/index.php?rest_route=%2Fwp%2Fv2%2Fmedia&parent=36"}],"curies":[{"name":"wp","href":"https:\/\/api.w.org\/{rel}","templated":true}]}}